{"id":84451,"date":"2019-10-24T13:59:32","date_gmt":"2019-10-24T18:59:32","guid":{"rendered":"https:\/\/sustaintool.org\/csat\/cartilla-de-evaluacion-de-grupos\/"},"modified":"2022-09-08T14:28:44","modified_gmt":"2022-09-08T19:28:44","slug":"cartilla-de-evaluacion-de-grupos","status":"publish","type":"page","link":"https:\/\/sustaintool.org\/es\/csat\/cartilla-de-evaluacion-de-grupos\/","title":{"rendered":"Cartilla de evaluaci\u00f3n de grupos"},"content":{"rendered":"<div class=\"wpb-content-wrapper\">[vc_row][vc_column][vc_column_text]\n<h2 class=\"content-header\">Configuraci\u00f3n de la evaluaci\u00f3n del grupo<\/h2>\n[\/vc_column_text][\/vc_column][\/vc_row][vc_row][vc_column]    <a href=\"\/csat\/program\/setup\/group\/\" class=\"psat_button psat_button-green psat_button-ghost psat_button-align-center\">Inicie una evaluaci\u00f3n de grupo ahora<\/a>\r\n[\/vc_column][\/vc_row][vc_row][vc_column][vc_column_text]\n<h3 class=\"content-header-sub\">As\u00ed es como funciona el proceso de grupo.<\/h3>\n[\/vc_column_text][vc_column_text]\n<ol class=\"hanging-indent\">\n<li>Introduzca el nombre de la pr\u00e1ctica (o conjunto de actividades) que desea que un grupo de personas eval\u00fae mediante la herramienta de evaluaci\u00f3n de la sostenibilidad cl\u00ednica.<\/li>\n<li>Introduzca el nombre de la organizaci\u00f3n en la que se encuentra la pr\u00e1ctica cl\u00ednica (por ejemplo, el nombre de un hospital o centro de salud).<\/li>\n<li>Decida si tambi\u00e9n quiere completar una evaluaci\u00f3n para la consulta o si s\u00f3lo invitar\u00e1 a otros a completar la evaluaci\u00f3n.<\/li>\n<li>Introduzca las direcciones de correo electr\u00f3nico de las personas que desea invitar. Puedes enviar invitaciones a un m\u00e1ximo de 12 personas de forma gratuita. Si est\u00e1 interesado en evaluar a m\u00e1s de 12 personas, <a href=\"https:\/\/sustaintool.org\/es\/?page_id=83733\">p\u00f3ngase en contacto con nosotros<\/a>.<\/li>\n<li>Personalice su invitaci\u00f3n y env\u00ede las invitaciones.<\/li>\n<\/ol>\n[\/vc_column_text][\/vc_column][\/vc_row][vc_row][vc_column][vc_column_text]\n<h3 class=\"content-header-sub\">\u00bfQu\u00e9 pasa despu\u00e9s?<\/h3>\n[\/vc_column_text][vc_column_text]\n<ol class=\"hanging-indent\">\n<li>Todas las personas que invites recibir\u00e1n un correo electr\u00f3nico de sustaintool.org con un enlace que les permitir\u00e1 completar una evaluaci\u00f3n individual de forma an\u00f3nima. (\u00bfQuiere ver c\u00f3mo es la evaluaci\u00f3n? Pru\u00e9balo completando una <a href=\"\/csat\/program\/setup\/individual\/\">evaluaci\u00f3n individual<\/a>).<\/li>\n<li>Todas las personas a las que invite podr\u00e1n ver sus propios resultados individuales de la herramienta de evaluaci\u00f3n de la sostenibilidad cl\u00ednica.<\/li>\n<li>Podr\u00e1 ver una lista de qui\u00e9nes han sido invitados y qui\u00e9nes no han completado la evaluaci\u00f3n. Tambi\u00e9n puedes invitar a m\u00e1s personas y enviar recordatorios. No puede ver las respuestas individuales de los invitados.<\/li>\n<li>Cuando lo desee, puede cerrar la evaluaci\u00f3n del grupo y ver los resultados. Los resultados combinar\u00e1n todas las respuestas de todas las personas que hayas invitado. S\u00f3lo usted podr\u00e1 ver el Informe de Sostenibilidad del grupo combinado.<\/li>\n<\/ol>\n[\/vc_column_text][\/vc_column][\/vc_row][vc_row][vc_column]    <a href=\"\/csat\/program\/setup\/group\/\" class=\"psat_button psat_button-green psat_button-ghost psat_button-align-center\">Inicie una evaluaci\u00f3n de grupo ahora<\/a>\r\n[\/vc_column][\/vc_row]\n<\/div>","protected":false},"excerpt":{"rendered":"<p>[vc_row][vc_column][vc_column_text] Configuraci\u00f3n de la evaluaci\u00f3n del grupo [\/vc_column_text][\/vc_column][\/vc_row][vc_row][vc_column][\/vc_column][\/vc_row][vc_row][vc_column][vc_column_text] As\u00ed es como funciona el proceso de grupo. [\/vc_column_text][vc_column_text] Introduzca el nombre [&hellip;]<\/p>\n","protected":false},"author":5399,"featured_media":0,"parent":84321,"menu_order":0,"comment_status":"closed","ping_status":"closed","template":"","meta":{"_acf_changed":false,"footnotes":""},"class_list":["post-84451","page","type-page","status-publish","hentry"],"acf":[],"_links":{"self":[{"href":"https:\/\/sustaintool.org\/es\/wp-json\/wp\/v2\/pages\/84451","targetHints":{"allow":["GET"]}}],"collection":[{"href":"https:\/\/sustaintool.org\/es\/wp-json\/wp\/v2\/pages"}],"about":[{"href":"https:\/\/sustaintool.org\/es\/wp-json\/wp\/v2\/types\/page"}],"author":[{"embeddable":true,"href":"https:\/\/sustaintool.org\/es\/wp-json\/wp\/v2\/users\/5399"}],"replies":[{"embeddable":true,"href":"https:\/\/sustaintool.org\/es\/wp-json\/wp\/v2\/comments?post=84451"}],"version-history":[{"count":5,"href":"https:\/\/sustaintool.org\/es\/wp-json\/wp\/v2\/pages\/84451\/revisions"}],"predecessor-version":[{"id":84458,"href":"https:\/\/sustaintool.org\/es\/wp-json\/wp\/v2\/pages\/84451\/revisions\/84458"}],"up":[{"embeddable":true,"href":"https:\/\/sustaintool.org\/es\/wp-json\/wp\/v2\/pages\/84321"}],"wp:attachment":[{"href":"https:\/\/sustaintool.org\/es\/wp-json\/wp\/v2\/media?parent=84451"}],"curies":[{"name":"wp","href":"https:\/\/api.w.org\/{rel}","templated":true}]}}